{"id":2597,"date":"2024-07-03T15:02:24","date_gmt":"2024-07-03T13:02:24","guid":{"rendered":"https:\/\/serralleriamarch.com\/politique-de-confidentialite\/"},"modified":"2024-07-03T15:02:26","modified_gmt":"2024-07-03T13:02:26","slug":"politique-de-confidentialite","status":"publish","type":"page","link":"https:\/\/serralleriamarch.com\/fr\/politique-de-confidentialite\/","title":{"rendered":"Politique de confidentialit\u00e9"},"content":{"rendered":"\n<h2 class=\"wp-block-heading\">Qui sommes nous<\/h2>\n\n<p>Notre adresse Web est : https:\/\/serralleriamarch.com.<\/p>\n\n<h2 class=\"wp-block-heading\">Quelles donn\u00e9es personnelles collectons-nous et pourquoi<\/h2>\n\n<h3 class=\"wp-block-heading\">commentaires<\/h3>\n\n<p>Lorsque les visiteurs laissent des commentaires sur le site Web, nous collectons les donn\u00e9es affich\u00e9es sur le formulaire de contact, ainsi que l&rsquo;adresse IP du visiteur et la cha\u00eene de l&rsquo;agent utilisateur du navigateur pour faciliter la d\u00e9tection du spam.<\/p>\n\n<p>Une cha\u00eene anonymis\u00e9e cr\u00e9\u00e9e \u00e0 partir de votre e-mail (\u00e9galement appel\u00e9e hachage) peut \u00eatre fournie au service Gravatar pour voir si vous l&rsquo;utilisez. La politique de confidentialit\u00e9 du service Gravatar est disponible ici : https:\/\/automattic.com\/privacy\/. Une fois le commentaire approuv\u00e9, votre photo de profil est visible publiquement dans le contexte du commentaire.<\/p>\n\n<h3 class=\"wp-block-heading\">moyenne<\/h3>\n\n<p>Si vous t\u00e9l\u00e9chargez des images sur le site Web, vous devez \u00e9viter de t\u00e9l\u00e9charger des images contenant des donn\u00e9es de g\u00e9olocalisation int\u00e9gr\u00e9es (EXIF GPS). Les visiteurs du site Web peuvent t\u00e9l\u00e9charger et extraire n\u2019importe quelle information \u00e0 partir d\u2019images sur le Web.<\/p>\n\n<h3 class=\"wp-block-heading\">Formulaires de contact<\/h3>\n\n<h3 class=\"wp-block-heading\">biscuits<\/h3>\n\n<p>Si vous laissez un commentaire sur le site, vous pouvez choisir d&rsquo;enregistrer votre nom, votre adresse email et votre site Internet dans des cookies. Ceci est pour votre commodit\u00e9 afin que vous n&rsquo;ayez pas \u00e0 remplir \u00e0 nouveau les d\u00e9tails lorsque vous faites un autre commentaire. Ces cookies dureront un an.<\/p>\n\n<p>Si vous avez un compte et que vous vous connectez \u00e0 cette page Web, un cookie temporaire sera d\u00e9fini pour d\u00e9terminer si votre navigateur accepte les cookies. Ce cookie ne contient pas de donn\u00e9es personnelles et sera supprim\u00e9 lorsque vous fermerez votre navigateur.<\/p>\n\n<p>Lorsque vous vous connectez, plusieurs cookies seront \u00e9galement d\u00e9finis pour enregistrer vos informations de connexion et vos options d&rsquo;affichage \u00e0 l&rsquo;\u00e9cran. Les cookies de connexion durent deux jours et les cookies d\u2019options d\u2019affichage durent un an. Si vous s\u00e9lectionnez \u00ab Se souvenir de moi \u00bb, la connexion persistera pendant deux semaines. Si vous vous d\u00e9connectez, les cookies de connexion seront supprim\u00e9s.<\/p>\n\n<p>Si vous modifiez ou publiez un article, un cookie suppl\u00e9mentaire sera enregistr\u00e9 dans votre navigateur. Ce cookie n&rsquo;inclut pas de donn\u00e9es personnelles et indique simplement l&rsquo;identifiant de l&rsquo;entr\u00e9e que vous venez de modifier. Expire apr\u00e8s 1 jour.<\/p>\n\n<h3 class=\"wp-block-heading\">Contenu int\u00e9gr\u00e9 provenant d&rsquo;autres sites Web<\/h3>\n\n<p>Les articles de cette page Web incluent du contenu int\u00e9gr\u00e9 (par exemple des vid\u00e9os, des images, des articles, etc.). Le contenu int\u00e9gr\u00e9 \u00e0 partir d&rsquo;autres pages Web se comporte exactement comme si le visiteur visitait l&rsquo;autre page Web.<\/p>\n\n<p>Ces pages Web peuvent collecter des donn\u00e9es sur vous, utiliser des cookies, int\u00e9grer un suivi tiers suppl\u00e9mentaire et surveiller votre interaction avec le contenu int\u00e9gr\u00e9, y compris le suivi de votre interaction avec le contenu int\u00e9gr\u00e9 si vous disposez d&rsquo;un compte et \u00eates connect\u00e9 \u00e0 cette page Web.<\/p>\n\n<h3 class=\"wp-block-heading\">analytique<\/h3>\n\n<h2 class=\"wp-block-heading\">Avec qui partageons-nous vos donn\u00e9es<\/h2>\n\n<h2 class=\"wp-block-heading\">Combien de temps conservons-nous les donn\u00e9es<\/h2>\n\n<p>Si vous laissez un commentaire, le commentaire et ses m\u00e9tadonn\u00e9es sont conserv\u00e9s ind\u00e9finiment. Cela nous permet de reconna\u00eetre et d&rsquo;approuver automatiquement tous les commentaires suivants au lieu de les conserver dans la file de mod\u00e9ration.<\/p>\n\n<p>Pour les utilisateurs qui s&rsquo;inscrivent sur le site Web (le cas \u00e9ch\u00e9ant), nous stockons \u00e9galement les informations personnelles qu&rsquo;ils fournissent dans leur profil d&rsquo;utilisateur. Tous les utilisateurs peuvent consulter, modifier ou supprimer leurs informations personnelles \u00e0 tout moment (sauf qu&rsquo;ils ne peuvent pas modifier leur nom d&rsquo;utilisateur). Les administrateurs du site Web peuvent \u00e9galement modifier ces informations.  <\/p>\n\n<h2 class=\"wp-block-heading\">Quels droits avez-vous sur vos donn\u00e9es ?<\/h2>\n\n<p>Si vous disposez d&rsquo;un compte sur ce site ou y avez laiss\u00e9 des commentaires, vous pouvez demander que nous vous envoyions un fichier d&rsquo;export de vos donn\u00e9es personnelles, reprenant toutes les donn\u00e9es que vous nous avez fournies. Vous pouvez \u00e9galement nous demander de supprimer toutes les donn\u00e9es personnelles que nous d\u00e9tenons \u00e0 votre sujet. Cela n&rsquo;inclut pas les donn\u00e9es que nous sommes tenus de conserver \u00e0 des fins administratives, juridiques ou de s\u00e9curit\u00e9.<\/p>\n\n<h2 class=\"wp-block-heading\">O\u00f9 nous envoyons vos donn\u00e9es<\/h2>\n\n<p>Les commentaires des visiteurs doivent \u00eatre v\u00e9rifi\u00e9s par un service automatis\u00e9 de d\u00e9tection de spam.<\/p>\n\n<h2 class=\"wp-block-heading\">Coordonn\u00e9es<\/h2>\n\n<h2 class=\"wp-block-heading\">Informations Compl\u00e9mentaires<\/h2>\n\n<h3 class=\"wp-block-heading\">Comment nous prot\u00e9geons vos donn\u00e9es<\/h3>\n\n<h3 class=\"wp-block-heading\">Quelles proc\u00e9dures de violation de donn\u00e9es avons-nous en place<\/h3>\n\n<h3 class=\"wp-block-heading\">De quels tiers nous recevons des donn\u00e9es<\/h3>\n\n<h3 class=\"wp-block-heading\">Quelle prise de d\u00e9cision automatis\u00e9e et\/ou profilage nous effectuons avec les donn\u00e9es des utilisateurs<\/h3>\n\n<h3 class=\"wp-block-heading\">Exigences de divulgation r\u00e9glementaires du secteur<\/h3>\n","protected":false},"excerpt":{"rendered":"<p>Qui sommes nous Notre adresse Web est : https:\/\/serralleriamarch.com. Quelles donn\u00e9es personnelles collectons-nous et pourquoi commentaires Lorsque les visiteurs laissent des commentaires sur le site Web, nous collectons les donn\u00e9es affich\u00e9es sur le formulaire de contact, ainsi que l&rsquo;adresse IP du visiteur et la cha\u00eene de l&rsquo;agent utilisateur du navigateur pour faciliter la d\u00e9tection du [&hellip;]<\/p>\n","protected":false},"author":1,"featured_media":0,"parent":0,"menu_order":0,"comment_status":"closed","ping_status":"open","template":"","meta":{"inline_featured_image":false,"footnotes":""},"yoast_head":"<!-- This site is optimized with the Yoast SEO plugin v23.0 - https:\/\/yoast.com\/wordpress\/plugins\/seo\/ -->\n<title>Politique de confidentialit\u00e9 - Serralleria March<\/title>\n<meta name=\"robots\" content=\"index, follow, max-snippet:-1, max-image-preview:large, max-video-preview:-1\" \/>\n<link rel=\"canonical\" href=\"https:\/\/serralleriamarch.com\/politique-de-confidentialite\/?lang=fr\" \/>\n<meta property=\"og:locale\" content=\"fr_FR\" \/>\n<meta property=\"og:type\" content=\"article\" \/>\n<meta property=\"og:title\" content=\"Politique de confidentialit\u00e9 - Serralleria March\" \/>\n<meta property=\"og:description\" content=\"Qui sommes nous Notre adresse Web est : https:\/\/serralleriamarch.com. Quelles donn\u00e9es personnelles collectons-nous et pourquoi commentaires Lorsque les visiteurs laissent des commentaires sur le site Web, nous collectons les donn\u00e9es affich\u00e9es sur le formulaire de contact, ainsi que l&rsquo;adresse IP du visiteur et la cha\u00eene de l&rsquo;agent utilisateur du navigateur pour faciliter la d\u00e9tection du [&hellip;]\" \/>\n<meta property=\"og:url\" content=\"https:\/\/serralleriamarch.com\/politique-de-confidentialite\/?lang=fr\" \/>\n<meta property=\"og:site_name\" content=\"Serralleria March\" \/>\n<meta property=\"article:modified_time\" content=\"2024-07-03T13:02:26+00:00\" \/>\n<meta name=\"twitter:card\" content=\"summary_large_image\" \/>\n<meta name=\"twitter:label1\" content=\"Dur\u00e9e de lecture estim\u00e9e\" \/>\n\t<meta name=\"twitter:data1\" content=\"4 minutes\" \/>\n<script type=\"application\/ld+json\" class=\"yoast-schema-graph\">{\"@context\":\"https:\/\/schema.org\",\"@graph\":[{\"@type\":\"WebPage\",\"@id\":\"https:\/\/serralleriamarch.com\/politique-de-confidentialite\/?lang=fr\",\"url\":\"https:\/\/serralleriamarch.com\/politique-de-confidentialite\/?lang=fr\",\"name\":\"Politique de confidentialit\u00e9 - Serralleria March\",\"isPartOf\":{\"@id\":\"https:\/\/serralleriamarch.com\/#website\"},\"datePublished\":\"2024-07-03T13:02:24+00:00\",\"dateModified\":\"2024-07-03T13:02:26+00:00\",\"breadcrumb\":{\"@id\":\"https:\/\/serralleriamarch.com\/politique-de-confidentialite\/?lang=fr#breadcrumb\"},\"inLanguage\":\"fr-FR\",\"potentialAction\":[{\"@type\":\"ReadAction\",\"target\":[\"https:\/\/serralleriamarch.com\/politique-de-confidentialite\/?lang=fr\"]}]},{\"@type\":\"BreadcrumbList\",\"@id\":\"https:\/\/serralleriamarch.com\/politique-de-confidentialite\/?lang=fr#breadcrumb\",\"itemListElement\":[{\"@type\":\"ListItem\",\"position\":1,\"name\":\"Inici\",\"item\":\"https:\/\/serralleriamarch.com\/fr\/maison\/\"},{\"@type\":\"ListItem\",\"position\":2,\"name\":\"Politique de confidentialit\u00e9\"}]},{\"@type\":\"WebSite\",\"@id\":\"https:\/\/serralleriamarch.com\/#website\",\"url\":\"https:\/\/serralleriamarch.com\/\",\"name\":\"Serralleria March\",\"description\":\"Taller artesanal de forja i escultura amb ferro\",\"potentialAction\":[{\"@type\":\"SearchAction\",\"target\":{\"@type\":\"EntryPoint\",\"urlTemplate\":\"https:\/\/serralleriamarch.com\/?s={search_term_string}\"},\"query-input\":\"required name=search_term_string\"}],\"inLanguage\":\"fr-FR\"}]}<\/script>\n<!-- \/ Yoast SEO plugin. -->","yoast_head_json":{"title":"Politique de confidentialit\u00e9 - Serralleria March","robots":{"index":"index","follow":"follow","max-snippet":"max-snippet:-1","max-image-preview":"max-image-preview:large","max-video-preview":"max-video-preview:-1"},"canonical":"https:\/\/serralleriamarch.com\/politique-de-confidentialite\/?lang=fr","og_locale":"fr_FR","og_type":"article","og_title":"Politique de confidentialit\u00e9 - Serralleria March","og_description":"Qui sommes nous Notre adresse Web est : https:\/\/serralleriamarch.com. Quelles donn\u00e9es personnelles collectons-nous et pourquoi commentaires Lorsque les visiteurs laissent des commentaires sur le site Web, nous collectons les donn\u00e9es affich\u00e9es sur le formulaire de contact, ainsi que l&rsquo;adresse IP du visiteur et la cha\u00eene de l&rsquo;agent utilisateur du navigateur pour faciliter la d\u00e9tection du [&hellip;]","og_url":"https:\/\/serralleriamarch.com\/politique-de-confidentialite\/?lang=fr","og_site_name":"Serralleria March","article_modified_time":"2024-07-03T13:02:26+00:00","twitter_card":"summary_large_image","twitter_misc":{"Dur\u00e9e de lecture estim\u00e9e":"4 minutes"},"schema":{"@context":"https:\/\/schema.org","@graph":[{"@type":"WebPage","@id":"https:\/\/serralleriamarch.com\/politique-de-confidentialite\/?lang=fr","url":"https:\/\/serralleriamarch.com\/politique-de-confidentialite\/?lang=fr","name":"Politique de confidentialit\u00e9 - Serralleria March","isPartOf":{"@id":"https:\/\/serralleriamarch.com\/#website"},"datePublished":"2024-07-03T13:02:24+00:00","dateModified":"2024-07-03T13:02:26+00:00","breadcrumb":{"@id":"https:\/\/serralleriamarch.com\/politique-de-confidentialite\/?lang=fr#breadcrumb"},"inLanguage":"fr-FR","potentialAction":[{"@type":"ReadAction","target":["https:\/\/serralleriamarch.com\/politique-de-confidentialite\/?lang=fr"]}]},{"@type":"BreadcrumbList","@id":"https:\/\/serralleriamarch.com\/politique-de-confidentialite\/?lang=fr#breadcrumb","itemListElement":[{"@type":"ListItem","position":1,"name":"Inici","item":"https:\/\/serralleriamarch.com\/fr\/maison\/"},{"@type":"ListItem","position":2,"name":"Politique de confidentialit\u00e9"}]},{"@type":"WebSite","@id":"https:\/\/serralleriamarch.com\/#website","url":"https:\/\/serralleriamarch.com\/","name":"Serralleria March","description":"Taller artesanal de forja i escultura amb ferro","potentialAction":[{"@type":"SearchAction","target":{"@type":"EntryPoint","urlTemplate":"https:\/\/serralleriamarch.com\/?s={search_term_string}"},"query-input":"required name=search_term_string"}],"inLanguage":"fr-FR"}]}},"_links":{"self":[{"href":"https:\/\/serralleriamarch.com\/fr\/wp-json\/wp\/v2\/pages\/2597"}],"collection":[{"href":"https:\/\/serralleriamarch.com\/fr\/wp-json\/wp\/v2\/pages"}],"about":[{"href":"https:\/\/serralleriamarch.com\/fr\/wp-json\/wp\/v2\/types\/page"}],"author":[{"embeddable":true,"href":"https:\/\/serralleriamarch.com\/fr\/wp-json\/wp\/v2\/users\/1"}],"replies":[{"embeddable":true,"href":"https:\/\/serralleriamarch.com\/fr\/wp-json\/wp\/v2\/comments?post=2597"}],"version-history":[{"count":1,"href":"https:\/\/serralleriamarch.com\/fr\/wp-json\/wp\/v2\/pages\/2597\/revisions"}],"predecessor-version":[{"id":2598,"href":"https:\/\/serralleriamarch.com\/fr\/wp-json\/wp\/v2\/pages\/2597\/revisions\/2598"}],"wp:attachment":[{"href":"https:\/\/serralleriamarch.com\/fr\/wp-json\/wp\/v2\/media?parent=2597"}],"curies":[{"name":"wp","href":"https:\/\/api.w.org\/{rel}","templated":true}]}}