{"id":2609,"date":"2024-07-03T15:02:29","date_gmt":"2024-07-03T13:02:29","guid":{"rendered":"https:\/\/serralleriamarch.com\/travaux-de-forge\/"},"modified":"2024-07-03T15:02:33","modified_gmt":"2024-07-03T13:02:33","slug":"travaux-de-forge","status":"publish","type":"page","link":"https:\/\/serralleriamarch.com\/fr\/travaux-de-forge\/","title":{"rendered":"Travaux de forge"},"content":{"rendered":"\n<h2 class=\"wp-block-heading\">Chez Serralleria March, nous travaillons avec passion sur le m\u00e9tier de forge depuis plus de 100 ans.<\/h2>\n\n<p>Notre long\u00e9vit\u00e9 est un gage de qualit\u00e9 et de professionnalisme. Nous pensons que les \u0153uvres doivent \u00eatre originales et personnelles, c&rsquo;est pourquoi nous entretenons une relation directe avec la demande du client.  <\/p>\n\n<p>Nous concevons des projets adapt\u00e9s \u00e0 tous types de produits et d\u2019espaces. Nous construisons des \u0153uvres dans notre propre style ou en collaboration avec des architectes et d\u00e9corateurs. Nous fabriquons toutes sortes de produits pour la maison et son environnement, en grands et petits formats adapt\u00e9s aux besoins.  <\/p>\n","protected":false},"excerpt":{"rendered":"<p>Chez Serralleria March, nous travaillons avec passion sur le m\u00e9tier de forge depuis plus de 100 ans. Notre long\u00e9vit\u00e9 est un gage de qualit\u00e9 et de professionnalisme. Nous pensons que les \u0153uvres doivent \u00eatre originales et personnelles, c&rsquo;est pourquoi nous entretenons une relation directe avec la demande du client. Nous concevons des projets adapt\u00e9s \u00e0 [&hellip;]<\/p>\n","protected":false},"author":1,"featured_media":0,"parent":0,"menu_order":0,"comment_status":"closed","ping_status":"closed","template":"template-treballs.php","meta":{"inline_featured_image":false,"footnotes":""},"yoast_head":"<!-- This site is optimized with the Yoast SEO plugin v23.0 - https:\/\/yoast.com\/wordpress\/plugins\/seo\/ -->\n<title>Seralleria March - Travaux de forge<\/title>\n<meta name=\"description\" content=\"Chez Serralleria March, nous exer\u00e7ons le m\u00e9tier de forge avec dynamisme et passion depuis plus de 100 ans. De g\u00e9n\u00e9ration en g\u00e9n\u00e9ration, jusqu&#039;\u00e0 aujourd&#039;hui.\" \/>\n<meta name=\"robots\" content=\"index, follow, max-snippet:-1, max-image-preview:large, max-video-preview:-1\" \/>\n<link rel=\"canonical\" href=\"https:\/\/serralleriamarch.com\/travaux-de-forge\/?lang=fr\" \/>\n<meta property=\"og:locale\" content=\"fr_FR\" \/>\n<meta property=\"og:type\" content=\"article\" \/>\n<meta property=\"og:title\" content=\"Seralleria March - Travaux de forge\" \/>\n<meta property=\"og:description\" content=\"Chez Serralleria March, nous exer\u00e7ons le m\u00e9tier de forge avec dynamisme et passion depuis plus de 100 ans. De g\u00e9n\u00e9ration en g\u00e9n\u00e9ration, jusqu&#039;\u00e0 aujourd&#039;hui.\" \/>\n<meta property=\"og:url\" content=\"https:\/\/serralleriamarch.com\/travaux-de-forge\/?lang=fr\" \/>\n<meta property=\"og:site_name\" content=\"Serralleria March\" \/>\n<meta property=\"article:modified_time\" content=\"2024-07-03T13:02:33+00:00\" \/>\n<meta name=\"twitter:card\" content=\"summary_large_image\" \/>\n<meta name=\"twitter:label1\" content=\"Dur\u00e9e de lecture estim\u00e9e\" \/>\n\t<meta name=\"twitter:data1\" content=\"1 minute\" \/>\n<script type=\"application\/ld+json\" class=\"yoast-schema-graph\">{\"@context\":\"https:\/\/schema.org\",\"@graph\":[{\"@type\":\"WebPage\",\"@id\":\"https:\/\/serralleriamarch.com\/travaux-de-forge\/?lang=fr\",\"url\":\"https:\/\/serralleriamarch.com\/travaux-de-forge\/?lang=fr\",\"name\":\"Seralleria March - Travaux de forge\",\"isPartOf\":{\"@id\":\"https:\/\/serralleriamarch.com\/#website\"},\"datePublished\":\"2024-07-03T13:02:29+00:00\",\"dateModified\":\"2024-07-03T13:02:33+00:00\",\"description\":\"Chez Serralleria March, nous exer\u00e7ons le m\u00e9tier de forge avec dynamisme et passion depuis plus de 100 ans. De g\u00e9n\u00e9ration en g\u00e9n\u00e9ration, jusqu'\u00e0 aujourd'hui.\",\"breadcrumb\":{\"@id\":\"https:\/\/serralleriamarch.com\/travaux-de-forge\/?lang=fr#breadcrumb\"},\"inLanguage\":\"fr-FR\",\"potentialAction\":[{\"@type\":\"ReadAction\",\"target\":[\"https:\/\/serralleriamarch.com\/travaux-de-forge\/?lang=fr\"]}]},{\"@type\":\"BreadcrumbList\",\"@id\":\"https:\/\/serralleriamarch.com\/travaux-de-forge\/?lang=fr#breadcrumb\",\"itemListElement\":[{\"@type\":\"ListItem\",\"position\":1,\"name\":\"Inici\",\"item\":\"https:\/\/serralleriamarch.com\/fr\/maison\/\"},{\"@type\":\"ListItem\",\"position\":2,\"name\":\"Travaux de forge\"}]},{\"@type\":\"WebSite\",\"@id\":\"https:\/\/serralleriamarch.com\/#website\",\"url\":\"https:\/\/serralleriamarch.com\/\",\"name\":\"Serralleria March\",\"description\":\"Taller artesanal de forja i escultura amb ferro\",\"potentialAction\":[{\"@type\":\"SearchAction\",\"target\":{\"@type\":\"EntryPoint\",\"urlTemplate\":\"https:\/\/serralleriamarch.com\/?s={search_term_string}\"},\"query-input\":\"required name=search_term_string\"}],\"inLanguage\":\"fr-FR\"}]}<\/script>\n<!-- \/ Yoast SEO plugin. -->","yoast_head_json":{"title":"Seralleria March - Travaux de forge","description":"Chez Serralleria March, nous exer\u00e7ons le m\u00e9tier de forge avec dynamisme et passion depuis plus de 100 ans. De g\u00e9n\u00e9ration en g\u00e9n\u00e9ration, jusqu'\u00e0 aujourd'hui.","robots":{"index":"index","follow":"follow","max-snippet":"max-snippet:-1","max-image-preview":"max-image-preview:large","max-video-preview":"max-video-preview:-1"},"canonical":"https:\/\/serralleriamarch.com\/travaux-de-forge\/?lang=fr","og_locale":"fr_FR","og_type":"article","og_title":"Seralleria March - Travaux de forge","og_description":"Chez Serralleria March, nous exer\u00e7ons le m\u00e9tier de forge avec dynamisme et passion depuis plus de 100 ans. De g\u00e9n\u00e9ration en g\u00e9n\u00e9ration, jusqu'\u00e0 aujourd'hui.","og_url":"https:\/\/serralleriamarch.com\/travaux-de-forge\/?lang=fr","og_site_name":"Serralleria March","article_modified_time":"2024-07-03T13:02:33+00:00","twitter_card":"summary_large_image","twitter_misc":{"Dur\u00e9e de lecture estim\u00e9e":"1 minute"},"schema":{"@context":"https:\/\/schema.org","@graph":[{"@type":"WebPage","@id":"https:\/\/serralleriamarch.com\/travaux-de-forge\/?lang=fr","url":"https:\/\/serralleriamarch.com\/travaux-de-forge\/?lang=fr","name":"Seralleria March - Travaux de forge","isPartOf":{"@id":"https:\/\/serralleriamarch.com\/#website"},"datePublished":"2024-07-03T13:02:29+00:00","dateModified":"2024-07-03T13:02:33+00:00","description":"Chez Serralleria March, nous exer\u00e7ons le m\u00e9tier de forge avec dynamisme et passion depuis plus de 100 ans. De g\u00e9n\u00e9ration en g\u00e9n\u00e9ration, jusqu'\u00e0 aujourd'hui.","breadcrumb":{"@id":"https:\/\/serralleriamarch.com\/travaux-de-forge\/?lang=fr#breadcrumb"},"inLanguage":"fr-FR","potentialAction":[{"@type":"ReadAction","target":["https:\/\/serralleriamarch.com\/travaux-de-forge\/?lang=fr"]}]},{"@type":"BreadcrumbList","@id":"https:\/\/serralleriamarch.com\/travaux-de-forge\/?lang=fr#breadcrumb","itemListElement":[{"@type":"ListItem","position":1,"name":"Inici","item":"https:\/\/serralleriamarch.com\/fr\/maison\/"},{"@type":"ListItem","position":2,"name":"Travaux de forge"}]},{"@type":"WebSite","@id":"https:\/\/serralleriamarch.com\/#website","url":"https:\/\/serralleriamarch.com\/","name":"Serralleria March","description":"Taller artesanal de forja i escultura amb ferro","potentialAction":[{"@type":"SearchAction","target":{"@type":"EntryPoint","urlTemplate":"https:\/\/serralleriamarch.com\/?s={search_term_string}"},"query-input":"required name=search_term_string"}],"inLanguage":"fr-FR"}]}},"_links":{"self":[{"href":"https:\/\/serralleriamarch.com\/fr\/wp-json\/wp\/v2\/pages\/2609"}],"collection":[{"href":"https:\/\/serralleriamarch.com\/fr\/wp-json\/wp\/v2\/pages"}],"about":[{"href":"https:\/\/serralleriamarch.com\/fr\/wp-json\/wp\/v2\/types\/page"}],"author":[{"embeddable":true,"href":"https:\/\/serralleriamarch.com\/fr\/wp-json\/wp\/v2\/users\/1"}],"replies":[{"embeddable":true,"href":"https:\/\/serralleriamarch.com\/fr\/wp-json\/wp\/v2\/comments?post=2609"}],"version-history":[{"count":1,"href":"https:\/\/serralleriamarch.com\/fr\/wp-json\/wp\/v2\/pages\/2609\/revisions"}],"predecessor-version":[{"id":2611,"href":"https:\/\/serralleriamarch.com\/fr\/wp-json\/wp\/v2\/pages\/2609\/revisions\/2611"}],"wp:attachment":[{"href":"https:\/\/serralleriamarch.com\/fr\/wp-json\/wp\/v2\/media?parent=2609"}],"curies":[{"name":"wp","href":"https:\/\/api.w.org\/{rel}","templated":true}]}}