{"id":2615,"date":"2024-07-03T15:02:30","date_gmt":"2024-07-03T13:02:30","guid":{"rendered":"https:\/\/serralleriamarch.com\/divulgation-de-la-forge\/"},"modified":"2024-07-03T15:02:33","modified_gmt":"2024-07-03T13:02:33","slug":"divulgation-de-la-forge","status":"publish","type":"page","link":"https:\/\/serralleriamarch.com\/fr\/divulgation-de-la-forge\/","title":{"rendered":"Divulgation de la forge"},"content":{"rendered":"\n<h2 class=\"has-text-align-center wp-block-heading\"><strong>La forge vit une situation compliqu\u00e9e.<\/strong><\/h2>\n\n<h3 class=\"has-text-align-center wp-block-heading\"><strong>Les petits ateliers artisanaux sont plong\u00e9s dans les m\u00eames conditions que les grands industriels.<\/strong><\/h3>\n\n<p>Au cours des derni\u00e8res d\u00e9cennies, les m\u00e9tiers d&rsquo;art ont d\u00e9clin\u00e9, certains ont pu se regrouper, ils se sont r\u00e9unis pour d\u00e9fendre les formes de production les plus traditionnelles face aux nouvelles tendances les plus li\u00e9es aux technologies modernes. Dans notre cas, la corporation des serruriers qui nous repr\u00e9sentait jusqu&rsquo;\u00e0 pr\u00e9sent a \u00e9t\u00e9 d\u00e9virtualis\u00e9e, se concentrant sur les usines de production en laissant de c\u00f4t\u00e9 les petits ateliers de forge artisanale. Nous sommes une place forte dans le monde de l\u2019acier.<\/p>\n\n<p>L&rsquo;enseignement de la forge est actuellement compliqu\u00e9 par les petits ateliers qui, sans aucune aide et ayant perdu \u00e0 la fois le concept et la figure de l&rsquo;apprenti, doivent assumer les frais d&rsquo;avoir un op\u00e9rateur qui sait tout enseigner en peu de temps et cela sans ayant la connaissance, il faut la r\u00e9mun\u00e9rer comme si vous l&rsquo;aviez.<\/p>\n\n<p>Les quelques \u00e9coles d&rsquo;\u00e9tudes r\u00e9glement\u00e9es et de formation en forge sont tr\u00e8s basiques et lorsqu&rsquo;elles ouvrent, le secteur est si petit qu&rsquo;il ne peut pas absorber la demande et l&rsquo;envie de continuer \u00e0 apprendre.  <\/p>\n\n<p>Faisant partie de la branche industrielle, de nombreux ateliers ont \u00e9t\u00e9 contraints de quitter leurs anciens locaux, souvent situ\u00e9s dans des zones habit\u00e9es du centre des villes, pour s&rsquo;installer dans des zones industrielles. C&rsquo;est un m\u00e9tier bruyant et sale, qui manipule le feu et d\u00e9place des mat\u00e9riaux lourds et encombrants comme si toute l&rsquo;industrie avait \u00e9t\u00e9 d\u00e9plac\u00e9e vers la p\u00e9riph\u00e9rie.<\/p>\n\n<p>Pour ces raisons et pour de nombreux autres forgerons de tout le pays, nous travaillons ensemble pour faire conna\u00eetre ce travail. A travers les rencontres, foires, manifestations qui ont lieu sur notre terrasse, dont nous pourrions souligner les suivantes. Foire Pyr\u00e9n\u00e9enne du Fer d&rsquo;Alins. Foire des forges d&rsquo;Alpens, la foire des forgerons et des artisans du fer de Besal\u00fa dont fait partie Pol Codina et donc le serrurier de la marche, la foire des m\u00e9taux de Campdev\u00e0nol et de nos voisins du nord de la Catalogne, la Rencontre Europ\u00e9enne de Ferronnerie d&rsquo;Art \u00e0 Arles-sur -Technologie. Sans laisser de c\u00f4t\u00e9 toute la repr\u00e9sentation des confr\u00e8res forgerons dans les foires et march\u00e9s m\u00e9di\u00e9vaux qui se tiennent partout.<\/p>\n\n<p>C&rsquo;est dans cet espace o\u00f9 nous rencontrons des forgerons de diff\u00e9rentes r\u00e9gions de notre pays et de l&rsquo;\u00e9tranger o\u00f9 nous partageons et apprenons, observons et mettons en pratique nos connaissances et nos fa\u00e7ons de faire. Ma\u00eetres, aspirants, apprentis, passionn\u00e9s et amoureux de la forge travaillent ensemble pour atteindre l&rsquo;objectif fix\u00e9 par l&rsquo;\u00e9v\u00e9nement mais au final le but est d&rsquo;enseigner la forge en dehors des ateliers pour sensibiliser la soci\u00e9t\u00e9 et sensibiliser la population \u00e0 l&rsquo;importance de conserver l&rsquo;artisanat. de forgeron vivant.<\/p>\n\n<p>Au-del\u00e0 de cette implication dans les tovades, Pol Codina, sous le nom de Serralleria March, fait partie de l&rsquo;Associaci\u00f3 de forjardors de Catalunya (AFOC) qui cherche des moyens de faire passer le message et de collaborer avec le secteur pour entretenir la flamme des forgerons.<\/p>\n\n<h3 class=\"has-text-align-center wp-block-heading\">Beaucoup de choses ont chang\u00e9 dans notre environnement.  <\/h3>\n\n<h2 class=\"has-text-align-center wp-block-heading\">Les enclumes restent fermes renvoyant les coups des marteaux, coups qui d\u00e9forment adroitement le fer \u00e0 volont\u00e9.<\/h2>\n\n<h3 class=\"has-text-align-center wp-block-heading\">Et ici, la figure du forgeron. Retir\u00e9 dans son atelier, r\u00e9sistant aux changements de l&rsquo;avant-garde.<\/h3>\n\n<div style=\"height:46px\" aria-hidden=\"true\" class=\"wp-block-spacer\"><\/div>\n\n<h2 class=\"has-text-align-center wp-block-heading\"><strong>La Marche des serruriers sous presse<\/strong><\/h2>\n\n<h2 class=\"wp-block-heading\">Depuis plus d&rsquo;un si\u00e8cle, nous transmettons l&rsquo;amour de la forge et la reconnaissance du savoir-faire artisanal. Notre entreprise continuera \u00e0 maintenir pendant longtemps la tradition de la forge catalane.<\/h2>\n\n<div class=\"wp-block-columns has-3-columns is-layout-flex wp-container-core-columns-is-layout-1 wp-block-columns-is-layout-flex\">\n<div class=\"wp-block-column is-layout-flow wp-block-column-is-layout-flow\">\n<figure class=\"wp-block-image\"><img loading=\"lazy\" decoding=\"async\" width=\"400\" height=\"348\" src=\"https:\/\/serralleriamarch.com\/wp-content\/uploads\/2019\/10\/santlluc_forja.jpg\" alt=\"\" class=\"wp-image-1558\" srcset=\"https:\/\/serralleriamarch.com\/wp-content\/uploads\/2019\/10\/santlluc_forja.jpg 400w, https:\/\/serralleriamarch.com\/wp-content\/uploads\/2019\/10\/santlluc_forja-300x261.jpg 300w\" sizes=\"(max-width: 400px) 100vw, 400px\" \/><\/figure>\n\n\n\n<h4 class=\"has-text-align-center wp-block-heading\">Association Saint Luc<\/h4>\n\n\n\n<p class=\"has-text-align-center\"><a rel=\"noreferrer noopener\" href=\"http:\/\/associaciosantlluc.blogspot.com\/2014\/04\/els-nostres-socis-pol-codina.html\" target=\"_blank\">Visitez l&rsquo;article<\/a><\/p>\n<\/div>\n\n\n\n<div class=\"wp-block-column is-layout-flow wp-block-column-is-layout-flow\">\n<figure class=\"wp-block-image\"><img loading=\"lazy\" decoding=\"async\" width=\"400\" height=\"348\" src=\"https:\/\/serralleriamarch.com\/wp-content\/uploads\/2019\/08\/20130429_2117_cartell_de_santes_pol_codina.jpg\" alt=\"\" class=\"wp-image-161\" srcset=\"https:\/\/serralleriamarch.com\/wp-content\/uploads\/2019\/08\/20130429_2117_cartell_de_santes_pol_codina.jpg 400w, https:\/\/serralleriamarch.com\/wp-content\/uploads\/2019\/08\/20130429_2117_cartell_de_santes_pol_codina-300x261.jpg 300w\" sizes=\"(max-width: 400px) 100vw, 400px\" \/><\/figure>\n\n\n\n<h4 class=\"has-text-align-center wp-block-heading\">Signe des Santes<\/h4>\n\n\n\n<p class=\"has-text-align-center\"><a rel=\"noreferrer noopener\" href=\"http:\/\/www.totmataro.cat\/cultura\/les-santes\/item\/26758-pol-codina-es-l-autor-del-cartell-de-les-santes-2013\" target=\"_blank\">Visitez l&rsquo;article<\/a><\/p>\n<\/div>\n\n\n\n<div class=\"wp-block-column is-layout-flow wp-block-column-is-layout-flow\">\n<figure class=\"wp-block-image\"><img loading=\"lazy\" decoding=\"async\" width=\"400\" height=\"348\" src=\"https:\/\/serralleriamarch.com\/wp-content\/uploads\/2019\/10\/cartell_santes_2013.jpg\" alt=\"\" class=\"wp-image-1567\" srcset=\"https:\/\/serralleriamarch.com\/wp-content\/uploads\/2019\/10\/cartell_santes_2013.jpg 400w, https:\/\/serralleriamarch.com\/wp-content\/uploads\/2019\/10\/cartell_santes_2013-300x261.jpg 300w\" sizes=\"(max-width: 400px) 100vw, 400px\" \/><\/figure>\n\n\n\n<h4 class=\"has-text-align-center wp-block-heading\">Affiche vid\u00e9o des saints<\/h4>\n\n\n\n<p class=\"has-text-align-center\"><a rel=\"noreferrer noopener\" href=\"https:\/\/vimeo.com\/138216064\" target=\"_blank\">Voir la vid\u00e9o<\/a><\/p>\n<\/div>\n<\/div>\n\n<div class=\"wp-block-columns has-3-columns is-layout-flex wp-container-core-columns-is-layout-2 wp-block-columns-is-layout-flex\">\n<div class=\"wp-block-column is-layout-flow wp-block-column-is-layout-flow\">\n<figure class=\"wp-block-image\"><img loading=\"lazy\" decoding=\"async\" width=\"400\" height=\"348\" src=\"https:\/\/serralleriamarch.com\/wp-content\/uploads\/2019\/10\/museu_monjo.jpg\" alt=\"\" class=\"wp-image-1562\" srcset=\"https:\/\/serralleriamarch.com\/wp-content\/uploads\/2019\/10\/museu_monjo.jpg 400w, https:\/\/serralleriamarch.com\/wp-content\/uploads\/2019\/10\/museu_monjo-300x261.jpg 300w\" sizes=\"(max-width: 400px) 100vw, 400px\" \/><\/figure>\n\n\n\n<h4 class=\"has-text-align-center wp-block-heading\">Exposition au Mus\u00e9e Monjo<\/h4>\n\n\n\n<p class=\"has-text-align-center\"><a rel=\"noreferrer noopener\" href=\"http:\/\/vilassarradio.cat\/exposicio-descultures-de-2005-a-2009-de-pol-codina-al-museu-monjo\/\" target=\"_blank\">Visitez l&rsquo;article<\/a><\/p>\n<\/div>\n\n\n\n<div class=\"wp-block-column is-layout-flow wp-block-column-is-layout-flow\"><\/div>\n\n\n\n<div class=\"wp-block-column is-layout-flow wp-block-column-is-layout-flow\"><\/div>\n<\/div>\n","protected":false},"excerpt":{"rendered":"<p>La forge vit une situation compliqu\u00e9e. Les petits ateliers artisanaux sont plong\u00e9s dans les m\u00eames conditions que les grands industriels. Au cours des derni\u00e8res d\u00e9cennies, les m\u00e9tiers d&rsquo;art ont d\u00e9clin\u00e9, certains ont pu se regrouper, ils se sont r\u00e9unis pour d\u00e9fendre les formes de production les plus traditionnelles face aux nouvelles tendances les plus li\u00e9es [&hellip;]<\/p>\n","protected":false},"author":1,"featured_media":0,"parent":0,"menu_order":0,"comment_status":"closed","ping_status":"closed","template":"","meta":{"inline_featured_image":false,"footnotes":""},"yoast_head":"<!-- This site is optimized with the Yoast SEO plugin v23.0 - https:\/\/yoast.com\/wordpress\/plugins\/seo\/ -->\n<title>Divulgation de la forge - Serralleria March<\/title>\n<meta name=\"description\" content=\"Aujourd&#039;hui, la forge se trouve dans une situation compliqu\u00e9e, r\u00e9sultant d&#039;un vide juridique, puisqu&#039;elle n&#039;est pas prot\u00e9g\u00e9e des grandes industries.\" \/>\n<meta name=\"robots\" content=\"index, follow, max-snippet:-1, max-image-preview:large, max-video-preview:-1\" \/>\n<link rel=\"canonical\" href=\"https:\/\/serralleriamarch.com\/divulgation-de-la-forge\/?lang=fr\" \/>\n<meta property=\"og:locale\" content=\"fr_FR\" \/>\n<meta property=\"og:type\" content=\"article\" \/>\n<meta property=\"og:title\" content=\"Divulgation de la forge - Serralleria March\" \/>\n<meta property=\"og:description\" content=\"Aujourd&#039;hui, la forge se trouve dans une situation compliqu\u00e9e, r\u00e9sultant d&#039;un vide juridique, puisqu&#039;elle n&#039;est pas prot\u00e9g\u00e9e des grandes industries.\" \/>\n<meta property=\"og:url\" content=\"https:\/\/serralleriamarch.com\/divulgation-de-la-forge\/?lang=fr\" \/>\n<meta property=\"og:site_name\" content=\"Serralleria March\" \/>\n<meta property=\"article:modified_time\" content=\"2024-07-03T13:02:33+00:00\" \/>\n<meta property=\"og:image\" content=\"https:\/\/serralleriamarch.com\/wp-content\/uploads\/2019\/10\/santlluc_forja.jpg\" \/>\n<meta name=\"twitter:card\" content=\"summary_large_image\" \/>\n<meta name=\"twitter:label1\" content=\"Dur\u00e9e de lecture estim\u00e9e\" \/>\n\t<meta name=\"twitter:data1\" content=\"3 minutes\" \/>\n<script type=\"application\/ld+json\" class=\"yoast-schema-graph\">{\"@context\":\"https:\/\/schema.org\",\"@graph\":[{\"@type\":\"WebPage\",\"@id\":\"https:\/\/serralleriamarch.com\/divulgation-de-la-forge\/?lang=fr\",\"url\":\"https:\/\/serralleriamarch.com\/divulgation-de-la-forge\/?lang=fr\",\"name\":\"Divulgation de la forge - Serralleria March\",\"isPartOf\":{\"@id\":\"https:\/\/serralleriamarch.com\/#website\"},\"primaryImageOfPage\":{\"@id\":\"https:\/\/serralleriamarch.com\/divulgation-de-la-forge\/?lang=fr#primaryimage\"},\"image\":{\"@id\":\"https:\/\/serralleriamarch.com\/divulgation-de-la-forge\/?lang=fr#primaryimage\"},\"thumbnailUrl\":\"https:\/\/serralleriamarch.com\/wp-content\/uploads\/2019\/10\/santlluc_forja.jpg\",\"datePublished\":\"2024-07-03T13:02:30+00:00\",\"dateModified\":\"2024-07-03T13:02:33+00:00\",\"description\":\"Aujourd'hui, la forge se trouve dans une situation compliqu\u00e9e, r\u00e9sultant d'un vide juridique, puisqu'elle n'est pas prot\u00e9g\u00e9e des grandes industries.\",\"breadcrumb\":{\"@id\":\"https:\/\/serralleriamarch.com\/divulgation-de-la-forge\/?lang=fr#breadcrumb\"},\"inLanguage\":\"fr-FR\",\"potentialAction\":[{\"@type\":\"ReadAction\",\"target\":[\"https:\/\/serralleriamarch.com\/divulgation-de-la-forge\/?lang=fr\"]}]},{\"@type\":\"ImageObject\",\"inLanguage\":\"fr-FR\",\"@id\":\"https:\/\/serralleriamarch.com\/divulgation-de-la-forge\/?lang=fr#primaryimage\",\"url\":\"https:\/\/serralleriamarch.com\/wp-content\/uploads\/2019\/10\/santlluc_forja.jpg\",\"contentUrl\":\"https:\/\/serralleriamarch.com\/wp-content\/uploads\/2019\/10\/santlluc_forja.jpg\"},{\"@type\":\"BreadcrumbList\",\"@id\":\"https:\/\/serralleriamarch.com\/divulgation-de-la-forge\/?lang=fr#breadcrumb\",\"itemListElement\":[{\"@type\":\"ListItem\",\"position\":1,\"name\":\"Inici\",\"item\":\"https:\/\/serralleriamarch.com\/fr\/maison\/\"},{\"@type\":\"ListItem\",\"position\":2,\"name\":\"Divulgation de la forge\"}]},{\"@type\":\"WebSite\",\"@id\":\"https:\/\/serralleriamarch.com\/#website\",\"url\":\"https:\/\/serralleriamarch.com\/\",\"name\":\"Serralleria March\",\"description\":\"Taller artesanal de forja i escultura amb ferro\",\"potentialAction\":[{\"@type\":\"SearchAction\",\"target\":{\"@type\":\"EntryPoint\",\"urlTemplate\":\"https:\/\/serralleriamarch.com\/?s={search_term_string}\"},\"query-input\":\"required name=search_term_string\"}],\"inLanguage\":\"fr-FR\"}]}<\/script>\n<!-- \/ Yoast SEO plugin. -->","yoast_head_json":{"title":"Divulgation de la forge - Serralleria March","description":"Aujourd'hui, la forge se trouve dans une situation compliqu\u00e9e, r\u00e9sultant d'un vide juridique, puisqu'elle n'est pas prot\u00e9g\u00e9e des grandes industries.","robots":{"index":"index","follow":"follow","max-snippet":"max-snippet:-1","max-image-preview":"max-image-preview:large","max-video-preview":"max-video-preview:-1"},"canonical":"https:\/\/serralleriamarch.com\/divulgation-de-la-forge\/?lang=fr","og_locale":"fr_FR","og_type":"article","og_title":"Divulgation de la forge - Serralleria March","og_description":"Aujourd'hui, la forge se trouve dans une situation compliqu\u00e9e, r\u00e9sultant d'un vide juridique, puisqu'elle n'est pas prot\u00e9g\u00e9e des grandes industries.","og_url":"https:\/\/serralleriamarch.com\/divulgation-de-la-forge\/?lang=fr","og_site_name":"Serralleria March","article_modified_time":"2024-07-03T13:02:33+00:00","og_image":[{"url":"https:\/\/serralleriamarch.com\/wp-content\/uploads\/2019\/10\/santlluc_forja.jpg"}],"twitter_card":"summary_large_image","twitter_misc":{"Dur\u00e9e de lecture estim\u00e9e":"3 minutes"},"schema":{"@context":"https:\/\/schema.org","@graph":[{"@type":"WebPage","@id":"https:\/\/serralleriamarch.com\/divulgation-de-la-forge\/?lang=fr","url":"https:\/\/serralleriamarch.com\/divulgation-de-la-forge\/?lang=fr","name":"Divulgation de la forge - Serralleria March","isPartOf":{"@id":"https:\/\/serralleriamarch.com\/#website"},"primaryImageOfPage":{"@id":"https:\/\/serralleriamarch.com\/divulgation-de-la-forge\/?lang=fr#primaryimage"},"image":{"@id":"https:\/\/serralleriamarch.com\/divulgation-de-la-forge\/?lang=fr#primaryimage"},"thumbnailUrl":"https:\/\/serralleriamarch.com\/wp-content\/uploads\/2019\/10\/santlluc_forja.jpg","datePublished":"2024-07-03T13:02:30+00:00","dateModified":"2024-07-03T13:02:33+00:00","description":"Aujourd'hui, la forge se trouve dans une situation compliqu\u00e9e, r\u00e9sultant d'un vide juridique, puisqu'elle n'est pas prot\u00e9g\u00e9e des grandes industries.","breadcrumb":{"@id":"https:\/\/serralleriamarch.com\/divulgation-de-la-forge\/?lang=fr#breadcrumb"},"inLanguage":"fr-FR","potentialAction":[{"@type":"ReadAction","target":["https:\/\/serralleriamarch.com\/divulgation-de-la-forge\/?lang=fr"]}]},{"@type":"ImageObject","inLanguage":"fr-FR","@id":"https:\/\/serralleriamarch.com\/divulgation-de-la-forge\/?lang=fr#primaryimage","url":"https:\/\/serralleriamarch.com\/wp-content\/uploads\/2019\/10\/santlluc_forja.jpg","contentUrl":"https:\/\/serralleriamarch.com\/wp-content\/uploads\/2019\/10\/santlluc_forja.jpg"},{"@type":"BreadcrumbList","@id":"https:\/\/serralleriamarch.com\/divulgation-de-la-forge\/?lang=fr#breadcrumb","itemListElement":[{"@type":"ListItem","position":1,"name":"Inici","item":"https:\/\/serralleriamarch.com\/fr\/maison\/"},{"@type":"ListItem","position":2,"name":"Divulgation de la forge"}]},{"@type":"WebSite","@id":"https:\/\/serralleriamarch.com\/#website","url":"https:\/\/serralleriamarch.com\/","name":"Serralleria March","description":"Taller artesanal de forja i escultura amb ferro","potentialAction":[{"@type":"SearchAction","target":{"@type":"EntryPoint","urlTemplate":"https:\/\/serralleriamarch.com\/?s={search_term_string}"},"query-input":"required name=search_term_string"}],"inLanguage":"fr-FR"}]}},"_links":{"self":[{"href":"https:\/\/serralleriamarch.com\/fr\/wp-json\/wp\/v2\/pages\/2615"}],"collection":[{"href":"https:\/\/serralleriamarch.com\/fr\/wp-json\/wp\/v2\/pages"}],"about":[{"href":"https:\/\/serralleriamarch.com\/fr\/wp-json\/wp\/v2\/types\/page"}],"author":[{"embeddable":true,"href":"https:\/\/serralleriamarch.com\/fr\/wp-json\/wp\/v2\/users\/1"}],"replies":[{"embeddable":true,"href":"https:\/\/serralleriamarch.com\/fr\/wp-json\/wp\/v2\/comments?post=2615"}],"version-history":[{"count":1,"href":"https:\/\/serralleriamarch.com\/fr\/wp-json\/wp\/v2\/pages\/2615\/revisions"}],"predecessor-version":[{"id":2616,"href":"https:\/\/serralleriamarch.com\/fr\/wp-json\/wp\/v2\/pages\/2615\/revisions\/2616"}],"wp:attachment":[{"href":"https:\/\/serralleriamarch.com\/fr\/wp-json\/wp\/v2\/media?parent=2615"}],"curies":[{"name":"wp","href":"https:\/\/api.w.org\/{rel}","templated":true}]}}